{"id":2,"date":"2017-06-15T04:20:37","date_gmt":"2017-06-15T04:20:37","guid":{"rendered":"http:\/\/raothue.ddns.net\/demo\/rt-core\/?page_id=2"},"modified":"2017-07-17T13:08:25","modified_gmt":"2017-07-17T13:08:25","slug":"luat-thuan-nam","status":"publish","type":"page","link":"https:\/\/c394-luatthuannam.com-vn.net\/?page_id=2","title":{"rendered":"Lu\u1eadt Thu\u1eadn Nam"},"content":{"rendered":"<p>Nghi\u1ec7m ho\u1ea1t \u0111\u1ed9ng trong l\u0129nh v\u1ef1c t\u01b0 v\u1ea5n ph\u00e1p lu\u1eadt\u037e tham gia t\u1ed1 t\u1ee5ng t\u1ea1i c\u01a1 quan c\u00f4ng an, vi\u1ec7n ki\u1ec3m s\u00e1t, t\u00f2a \u00e1n\u037e \u0111\u1ea1i di\u1ec7n ph\u00e1p l\u00fd cho kh\u00e1ch h\u00e0ng \u0111\u1ec3 gi\u1ea3i quy\u1ebft c\u00e1c c\u00f4ng vi\u1ec7c li\u00ean quan \u0111\u1ebfn ph\u00e1p lu\u1eadt. \u0110\u1ee9ng \u0111\u1ea7u V\u0103n ph\u00f2ng l\u00e0 Lu\u1eadt s\u01b0 Nguy\u1ec5n V\u0103n D\u0169ng Tham gia t\u1ed1 t\u1ee5ng t\u1ea1i c\u01a1 quan c\u00f4ng an, vi\u1ec7n ki\u1ec3m s\u00e1t, t\u00f2a \u00e1n v\u1edbi t\u01b0 c\u00e1ch l\u00e0 ng\u01b0\u1eddi b\u00e0o ch\u1eefa cho ng\u01b0\u1eddi b\u1ecb t\u1ea1m gi\u1eef, b\u1ecb can, b\u1ecb c\u00e1o ho\u1eb7c l\u00e0 ng\u01b0\u1eddi b\u1ea3o v\u1ec7 quy\u1ec1n l\u1ee3i c\u1ee7a ng\u01b0\u1eddi b\u1ecb h\u1ea1i, nguy\u00ean \u0111\u01a1n d\u00e2n s\u1ef1, b\u1ecb \u0111\u01a1n d\u00e2n s\u1ef1, ng\u01b0\u1eddi c\u00f3 quy\u1ec1n l\u1ee3i, ngh\u0129a v\u1ee5 li\u00ean quan trong v\u1ee5 \u00e1n h\u00ecnh s\u1ef1\u037e Tham gia t\u1ed1 t\u1ee5ng t\u1ea1i t\u00f2a \u00e1n v\u1edbi t\u01b0 c\u00e1ch l\u00e0 ng\u01b0\u1eddi \u0111\u1ea1i di\u1ec7n l\u1ee3i, ngh\u0129a v\u1ee5 li\u00ean quan trong&#8230;<\/p>\n<p>\u0110\u00e2y l\u00e0 m\u1ed9t trang m\u1eabu. N\u00f3 kh\u00e1c v\u1edbi m\u1ed9t b\u00e0i blog b\u1edfi v\u00ec n\u00f3 s\u1ebd l\u00e0 m\u1ed9t trang t\u0129nh v\u00e0 s\u1ebd \u0111\u01b0\u1ee3c th\u00eam v\u00e0o thanh menu c\u1ee7a trang web c\u1ee7a b\u1ea1n (trong h\u1ea7u h\u1ebft theme). M\u1ecdi ng\u01b0\u1eddi th\u01b0\u1eddng b\u1eaft \u0111\u1ea7u b\u1eb1ng m\u1ed9t trang Gi\u1edbi thi\u1ec7u \u0111\u1ec3 gi\u1edbi thi\u1ec7u b\u1ea3n th\u00e2n \u0111\u1ebfn ng\u01b0\u1eddi d\u00f9ng ti\u1ec1m n\u0103ng. B\u1ea1n c\u00f3 th\u1ec3 vi\u1ebft nh\u01b0 sau:<\/p>\n<blockquote><p>Xin ch\u00e0o! T\u00f4i l\u00e0 ng\u01b0\u1eddi giao th\u01b0 b\u1eb1ng xe \u0111\u1ea1p v\u00e0o ban ng\u00e0y, m\u1ed9t di\u1ec5n vi\u00ean \u0111\u1ea7y tham v\u1ecdng v\u00e0o ban \u0111\u00eam, v\u00e0 \u0111\u00e2y l\u00e0 trang web c\u1ee7a t\u00f4i. T\u00f4i s\u1ed1ng \u1edf Los Angeles, c\u00f3 m\u1ed9t ch\u00fa cho tuy\u1ec7t v\u1eddi t\u00ean l\u00e0 Jack, v\u00e0 t\u00f4i th\u00edch u\u1ed1ng cocktail.<\/p><\/blockquote>\n<p>&#8230;hay nh\u01b0 th\u1ebf n\u00e0y:<\/p>\n<blockquote><p>C\u00f4ng ty XYZ Doohickey \u0111\u01b0\u1ee3c th\u00e0nh l\u1eadp v\u00e0o n\u0103m 1971, v\u00e0 \u0111\u00e3 cung c\u1ea5p \u0111\u1ed3 d\u00f9ng ch\u1ea5t l\u01b0\u1ee3ng cho c\u00f4ng ch\u00fang k\u1ec3 t\u1eeb \u0111\u00f3. N\u1eb1m \u1edf th\u00e0nh ph\u1ed1 Gotham, XYZ t\u1ea1o vi\u1ec7c l\u00e0m cho h\u01a1n 2.000 ng\u01b0\u1eddi v\u00e0 l\u00e0m t\u1ea5t c\u1ea3 nh\u1eefng \u0111i\u1ec1u tuy\u1ec7t v\u1eddi cho c\u1ed9ng \u0111\u1ed3ng Gotham.<\/p><\/blockquote>\n<p>L\u00e0 ng\u01b0\u1eddi d\u00f9ng WordPress m\u1edbi, b\u1ea1n n\u00ean truy c\u1eadp <a href=\"http:\/\/c394-luatthuannam.com-vn.net\/wp-admin\/\">trang qu\u1ea3n tr\u1ecb<\/a> \u0111\u1ec3 x\u00f3a trang n\u00e0y v\u00e0 t\u1ea1o c\u00e1c trang m\u1edbi cho n\u1ed9i dung c\u1ee7a b\u1ea1n. Ch\u00fac vui v\u1ebb!<\/p>\n","protected":false},"excerpt":{"rendered":"<p>Nghi\u1ec7m ho\u1ea1t \u0111\u1ed9ng trong l\u0129nh v\u1ef1c t\u01b0 v\u1ea5n ph\u00e1p lu\u1eadt\u037e tham gia t\u1ed1 t\u1ee5ng t\u1ea1i c\u01a1 quan c\u00f4ng an, vi\u1ec7n &hellip; <a class=\"link-more\" href=\"https:\/\/c394-luatthuannam.com-vn.net\/?page_id=2\" class=\"more-link\">\u0110\u1ecdc th\u00eam &raquo;<span class=\"screen-reader-text\"> &#8220;Lu\u1eadt Thu\u1eadn Nam&#8221;<\/span><\/a><\/p>\n","protected":false},"author":1,"featured_media":73,"parent":0,"menu_order":0,"comment_status":"closed","ping_status":"open","template":"","meta":[],"_links":{"self":[{"href":"https:\/\/c394-luatthuannam.com-vn.net\/index.php?rest_route=\/wp\/v2\/pages\/2"}],"collection":[{"href":"https:\/\/c394-luatthuannam.com-vn.net\/index.php?rest_route=\/wp\/v2\/pages"}],"about":[{"href":"https:\/\/c394-luatthuannam.com-vn.net\/index.php?rest_route=\/wp\/v2\/types\/page"}],"author":[{"embeddable":true,"href":"https:\/\/c394-luatthuannam.com-vn.net\/index.php?rest_route=\/wp\/v2\/users\/1"}],"replies":[{"embeddable":true,"href":"https:\/\/c394-luatthuannam.com-vn.net\/index.php?rest_route=%2Fwp%2Fv2%2Fcomments&post=2"}],"version-history":[{"count":3,"href":"https:\/\/c394-luatthuannam.com-vn.net\/index.php?rest_route=\/wp\/v2\/pages\/2\/revisions"}],"predecessor-version":[{"id":91,"href":"https:\/\/c394-luatthuannam.com-vn.net\/index.php?rest_route=\/wp\/v2\/pages\/2\/revisions\/91"}],"wp:featuredmedia":[{"embeddable":true,"href":"https:\/\/c394-luatthuannam.com-vn.net\/index.php?rest_route=\/wp\/v2\/media\/73"}],"wp:attachment":[{"href":"https:\/\/c394-luatthuannam.com-vn.net\/index.php?rest_route=%2Fwp%2Fv2%2Fmedia&parent=2"}],"curies":[{"name":"wp","href":"https:\/\/api.w.org\/{rel}","templated":true}]}}